{"id":734,"date":"2021-07-01T00:06:00","date_gmt":"2021-07-01T00:06:00","guid":{"rendered":"https:\/\/latina-tech.com\/?page_id=734"},"modified":"2021-07-14T01:45:10","modified_gmt":"2021-07-14T01:45:10","slug":"webinars","status":"publish","type":"page","link":"https:\/\/latina-tech.com\/en\/webinars\/","title":{"rendered":"Webinars"},"content":{"rendered":"<div data-elementor-type=\"wp-page\" data-elementor-id=\"734\" class=\"elementor elementor-734\" data-elementor-post-type=\"page\">\n\t\t\t\t\t\t<section class=\"elementor-section elementor-top-section elementor-element elementor-element-fb9fb49 elementor-section-boxed elementor-section-height-default elementor-section-height-default\" data-id=\"fb9fb49\" data-element_type=\"section\" data-e-type=\"section\" data-settings=\"{&quot;background_background&quot;:&quot;classic&quot;}\">\n\t\t\t\t\t\t\t<div class=\"elementor-background-overlay\"><\/div>\n\t\t\t\t\t\t\t<div class=\"elementor-container elementor-column-gap-default\">\n\t\t\t\t\t<div class=\"elementor-column elementor-col-100 elementor-top-column elementor-element elementor-element-5eb6ccc1\" data-id=\"5eb6ccc1\" data-element_type=\"column\" data-e-type=\"column\">\n\t\t\t<div class=\"elementor-widget-wrap elementor-element-populated\">\n\t\t\t\t\t\t<div class=\"elementor-element elementor-element-321992a2 elementor-widget elementor-widget-spacer\" data-id=\"321992a2\" data-element_type=\"widget\" data-e-type=\"widget\" data-widget_type=\"spacer.default\">\n\t\t\t\t<div class=\"elementor-widget-container\">\n\t\t\t\t\t\t\t<div class=\"elementor-spacer\">\n\t\t\t<div class=\"elementor-spacer-inner\"><\/div>\n\t\t<\/div>\n\t\t\t\t\t\t<\/div>\n\t\t\t\t<\/div>\n\t\t\t\t<div class=\"elementor-element elementor-element-4abf0ca4 elementor-widget elementor-widget-heading\" data-id=\"4abf0ca4\" data-element_type=\"widget\" data-e-type=\"widget\" data-widget_type=\"heading.default\">\n\t\t\t\t<div class=\"elementor-widget-container\">\n\t\t\t\t\t<h2 class=\"elementor-heading-title elementor-size-default\">Webinars<\/h2>\t\t\t\t<\/div>\n\t\t\t\t<\/div>\n\t\t\t\t<div class=\"elementor-element elementor-element-7f5f6c45 elementor-widget elementor-widget-spacer\" data-id=\"7f5f6c45\" data-element_type=\"widget\" data-e-type=\"widget\" data-widget_type=\"spacer.default\">\n\t\t\t\t<div class=\"elementor-widget-container\">\n\t\t\t\t\t\t\t<div class=\"elementor-spacer\">\n\t\t\t<div class=\"elementor-spacer-inner\"><\/div>\n\t\t<\/div>\n\t\t\t\t\t\t<\/div>\n\t\t\t\t<\/div>\n\t\t\t\t\t<\/div>\n\t\t<\/div>\n\t\t\t\t\t<\/div>\n\t\t<\/section>\n\t\t\t\t<section class=\"elementor-section elementor-top-section elementor-element elementor-element-5e8081d9 elementor-section-boxed elementor-section-height-default elementor-section-height-default\" data-id=\"5e8081d9\" data-element_type=\"section\" data-e-type=\"section\">\n\t\t\t\t\t\t<div class=\"elementor-container elementor-column-gap-default\">\n\t\t\t\t\t<div class=\"elementor-column elementor-col-100 elementor-top-column elementor-element elementor-element-7f8e7ff3\" data-id=\"7f8e7ff3\" data-element_type=\"column\" data-e-type=\"column\">\n\t\t\t<div class=\"elementor-widget-wrap elementor-element-populated\">\n\t\t\t\t\t\t<div class=\"elementor-element elementor-element-76903f41 elementor-widget elementor-widget-text-editor\" data-id=\"76903f41\" data-element_type=\"widget\" data-e-type=\"widget\" data-widget_type=\"text-editor.default\">\n\t\t\t\t<div class=\"elementor-widget-container\">\n\t\t\t\t\t\t\t\t\t<p>Our <span style=\"color: #a1b434;\">Webinars<\/span><\/p>\t\t\t\t\t\t\t\t<\/div>\n\t\t\t\t<\/div>\n\t\t\t\t<div class=\"elementor-element elementor-element-e2a3139 elementor-widget elementor-widget-text-editor\" data-id=\"e2a3139\" data-element_type=\"widget\" data-e-type=\"widget\" data-widget_type=\"text-editor.default\">\n\t\t\t\t<div class=\"elementor-widget-container\">\n\t\t\t\t\t\t\t\t\t<p>Understanding the Korea-Colombia FTA in Agroindustry<\/p>\t\t\t\t\t\t\t\t<\/div>\n\t\t\t\t<\/div>\n\t\t\t\t<section class=\"elementor-section elementor-inner-section elementor-element elementor-element-c2f7bed elementor-section-boxed elementor-section-height-default elementor-section-height-default\" data-id=\"c2f7bed\" data-element_type=\"section\" data-e-type=\"section\">\n\t\t\t\t\t\t<div class=\"elementor-container elementor-column-gap-default\">\n\t\t\t\t\t<div class=\"elementor-column elementor-col-25 elementor-inner-column elementor-element elementor-element-72d45d3\" data-id=\"72d45d3\" data-element_type=\"column\" data-e-type=\"column\">\n\t\t\t<div class=\"elementor-widget-wrap elementor-element-populated\">\n\t\t\t\t\t\t<div class=\"elementor-element elementor-element-dba0e06 elementor-widget elementor-widget-video\" data-id=\"dba0e06\" data-element_type=\"widget\" data-e-type=\"widget\" data-settings=\"{&quot;youtube_url&quot;:&quot;https:\\\/\\\/www.youtube.com\\\/watch?v=ZiUsoWuQMVc&amp;ab_channel=LatinATech&quot;,&quot;show_image_overlay&quot;:&quot;yes&quot;,&quot;image_overlay&quot;:{&quot;url&quot;:&quot;https:\\\/\\\/latina-tech.com\\\/wp-content\\\/uploads\\\/2021\\\/06\\\/webinar-tlc-01.png&quot;,&quot;id&quot;:717,&quot;size&quot;:&quot;&quot;},&quot;video_type&quot;:&quot;youtube&quot;,&quot;controls&quot;:&quot;yes&quot;}\" data-widget_type=\"video.default\">\n\t\t\t\t<div class=\"elementor-widget-container\">\n\t\t\t\t\t\t\t<div class=\"elementor-wrapper elementor-open-inline\">\n\t\t\t<div class=\"elementor-video\"><\/div>\t\t\t\t<div class=\"elementor-custom-embed-image-overlay\" style=\"background-image: url(https:\/\/latina-tech.com\/wp-content\/uploads\/2021\/06\/webinar-tlc-01.png);\">\n\t\t\t\t\t\t\t\t\t\t\t\t\t\t\t\t<div class=\"elementor-custom-embed-play\" role=\"button\" aria-label=\"Reproducir v\u00eddeo\" tabindex=\"0\">\n\t\t\t\t\t\t\t<i aria-hidden=\"true\" class=\"eicon-play\"><\/i>\t\t\t\t\t\t<\/div>\n\t\t\t\t\t\t\t\t\t<\/div>\n\t\t\t\t\t<\/div>\n\t\t\t\t\t\t<\/div>\n\t\t\t\t<\/div>\n\t\t\t\t\t<\/div>\n\t\t<\/div>\n\t\t\t\t<div class=\"elementor-column elementor-col-25 elementor-inner-column elementor-element elementor-element-4d74f92\" data-id=\"4d74f92\" data-element_type=\"column\" data-e-type=\"column\">\n\t\t\t<div class=\"elementor-widget-wrap elementor-element-populated\">\n\t\t\t\t\t\t<div class=\"elementor-element elementor-element-565e5da elementor-widget elementor-widget-video\" data-id=\"565e5da\" data-element_type=\"widget\" data-e-type=\"widget\" data-settings=\"{&quot;youtube_url&quot;:&quot;https:\\\/\\\/www.youtube.com\\\/watch?v=fhU3eDj2bkE&amp;ab_channel=LatinATech&quot;,&quot;show_image_overlay&quot;:&quot;yes&quot;,&quot;image_overlay&quot;:{&quot;url&quot;:&quot;https:\\\/\\\/latina-tech.com\\\/wp-content\\\/uploads\\\/2021\\\/06\\\/webinar-tlc-02.png&quot;,&quot;id&quot;:719,&quot;size&quot;:&quot;&quot;},&quot;video_type&quot;:&quot;youtube&quot;,&quot;controls&quot;:&quot;yes&quot;}\" data-widget_type=\"video.default\">\n\t\t\t\t<div class=\"elementor-widget-container\">\n\t\t\t\t\t\t\t<div class=\"elementor-wrapper elementor-open-inline\">\n\t\t\t<div class=\"elementor-video\"><\/div>\t\t\t\t<div class=\"elementor-custom-embed-image-overlay\" style=\"background-image: url(https:\/\/latina-tech.com\/wp-content\/uploads\/2021\/06\/webinar-tlc-02.png);\">\n\t\t\t\t\t\t\t\t\t\t\t\t\t\t\t\t<div class=\"elementor-custom-embed-play\" role=\"button\" aria-label=\"Reproducir v\u00eddeo\" tabindex=\"0\">\n\t\t\t\t\t\t\t<i aria-hidden=\"true\" class=\"eicon-play\"><\/i>\t\t\t\t\t\t<\/div>\n\t\t\t\t\t\t\t\t\t<\/div>\n\t\t\t\t\t<\/div>\n\t\t\t\t\t\t<\/div>\n\t\t\t\t<\/div>\n\t\t\t\t\t<\/div>\n\t\t<\/div>\n\t\t\t\t<div class=\"elementor-column elementor-col-25 elementor-inner-column elementor-element elementor-element-ed517e8\" data-id=\"ed517e8\" data-element_type=\"column\" data-e-type=\"column\">\n\t\t\t<div class=\"elementor-widget-wrap elementor-element-populated\">\n\t\t\t\t\t\t<div class=\"elementor-element elementor-element-027105b elementor-widget elementor-widget-video\" data-id=\"027105b\" data-element_type=\"widget\" data-e-type=\"widget\" data-settings=\"{&quot;youtube_url&quot;:&quot;https:\\\/\\\/www.youtube.com\\\/watch?v=eDJ6-rJFZ_c&amp;ab_channel=LatinATech&quot;,&quot;show_image_overlay&quot;:&quot;yes&quot;,&quot;image_overlay&quot;:{&quot;url&quot;:&quot;https:\\\/\\\/latina-tech.com\\\/wp-content\\\/uploads\\\/2021\\\/07\\\/webinar-tlc-03.png&quot;,&quot;id&quot;:755,&quot;size&quot;:&quot;&quot;},&quot;video_type&quot;:&quot;youtube&quot;,&quot;controls&quot;:&quot;yes&quot;}\" data-widget_type=\"video.default\">\n\t\t\t\t<div class=\"elementor-widget-container\">\n\t\t\t\t\t\t\t<div class=\"elementor-wrapper elementor-open-inline\">\n\t\t\t<div class=\"elementor-video\"><\/div>\t\t\t\t<div class=\"elementor-custom-embed-image-overlay\" style=\"background-image: url(https:\/\/latina-tech.com\/wp-content\/uploads\/2021\/07\/webinar-tlc-03.png);\">\n\t\t\t\t\t\t\t\t\t\t\t\t\t\t\t\t<div class=\"elementor-custom-embed-play\" role=\"button\" aria-label=\"Reproducir v\u00eddeo\" tabindex=\"0\">\n\t\t\t\t\t\t\t<i aria-hidden=\"true\" class=\"eicon-play\"><\/i>\t\t\t\t\t\t<\/div>\n\t\t\t\t\t\t\t\t\t<\/div>\n\t\t\t\t\t<\/div>\n\t\t\t\t\t\t<\/div>\n\t\t\t\t<\/div>\n\t\t\t\t\t<\/div>\n\t\t<\/div>\n\t\t\t\t<div class=\"elementor-column elementor-col-25 elementor-inner-column elementor-element elementor-element-8131426\" data-id=\"8131426\" data-element_type=\"column\" data-e-type=\"column\">\n\t\t\t<div class=\"elementor-widget-wrap elementor-element-populated\">\n\t\t\t\t\t\t<div class=\"elementor-element elementor-element-86fe702 elementor-widget elementor-widget-video\" data-id=\"86fe702\" data-element_type=\"widget\" data-e-type=\"widget\" data-settings=\"{&quot;youtube_url&quot;:&quot;https:\\\/\\\/www.youtube.com\\\/watch?v=TW2wXRqLqJQ&amp;ab_channel=LatinATech&quot;,&quot;show_image_overlay&quot;:&quot;yes&quot;,&quot;image_overlay&quot;:{&quot;url&quot;:&quot;https:\\\/\\\/latina-tech.com\\\/wp-content\\\/uploads\\\/2021\\\/07\\\/webinar-tlc-04.png&quot;,&quot;id&quot;:756,&quot;size&quot;:&quot;&quot;},&quot;video_type&quot;:&quot;youtube&quot;,&quot;controls&quot;:&quot;yes&quot;}\" data-widget_type=\"video.default\">\n\t\t\t\t<div class=\"elementor-widget-container\">\n\t\t\t\t\t\t\t<div class=\"elementor-wrapper elementor-open-inline\">\n\t\t\t<div class=\"elementor-video\"><\/div>\t\t\t\t<div class=\"elementor-custom-embed-image-overlay\" style=\"background-image: url(https:\/\/latina-tech.com\/wp-content\/uploads\/2021\/07\/webinar-tlc-04.png);\">\n\t\t\t\t\t\t\t\t\t\t\t\t\t\t\t\t<div class=\"elementor-custom-embed-play\" role=\"button\" aria-label=\"Reproducir v\u00eddeo\" tabindex=\"0\">\n\t\t\t\t\t\t\t<i aria-hidden=\"true\" class=\"eicon-play\"><\/i>\t\t\t\t\t\t<\/div>\n\t\t\t\t\t\t\t\t\t<\/div>\n\t\t\t\t\t<\/div>\n\t\t\t\t\t\t<\/div>\n\t\t\t\t<\/div>\n\t\t\t\t\t<\/div>\n\t\t<\/div>\n\t\t\t\t\t<\/div>\n\t\t<\/section>\n\t\t\t\t\t<\/div>\n\t\t<\/div>\n\t\t\t\t\t<\/div>\n\t\t<\/section>\n\t\t\t\t<\/div>","protected":false},"excerpt":{"rendered":"<p>Webinars Nuestros Webinars Entendiendo el TLC Corea y Colombia en Agroindustria<\/p>","protected":false},"author":1,"featured_media":756,"parent":0,"menu_order":0,"comment_status":"closed","ping_status":"closed","template":"elementor_header_footer","meta":{"inline_featured_image":false,"footnotes":""},"class_list":["post-734","page","type-page","status-publish","has-post-thumbnail","hentry"],"yoast_head":"<!-- This site is optimized with the Yoast SEO plugin v27.4 - https:\/\/yoast.com\/product\/yoast-seo-wordpress\/ -->\n<title>Webinars - LatinA Tech<\/title>\n<meta name=\"description\" content=\"Visita nuestra secci\u00f3n de webinars en donde podr\u00e1s encontrar la mejor informaci\u00f3n acerca de nuestros productos y del mercado global.\" \/>\n<meta name=\"robots\" content=\"index, follow, max-snippet:-1, max-image-preview:large, max-video-preview:-1\" \/>\n<link rel=\"canonical\" href=\"https:\/\/latina-tech.com\/en\/webinars\/\" \/>\n<meta property=\"og:locale\" content=\"en_US\" \/>\n<meta property=\"og:type\" content=\"article\" \/>\n<meta property=\"og:title\" content=\"Webinars - LatinA Tech\" \/>\n<meta property=\"og:description\" content=\"Visita nuestra secci\u00f3n de webinars en donde podr\u00e1s encontrar la mejor informaci\u00f3n acerca de nuestros productos y del mercado global.\" \/>\n<meta property=\"og:url\" content=\"https:\/\/latina-tech.com\/en\/webinars\/\" \/>\n<meta property=\"og:site_name\" content=\"LatinA Tech\" \/>\n<meta property=\"article:modified_time\" content=\"2021-07-14T01:45:10+00:00\" \/>\n<meta property=\"og:image\" content=\"https:\/\/latina-tech.com\/wp-content\/uploads\/2021\/07\/webinar-tlc-04.png\" \/>\n\t<meta property=\"og:image:width\" content=\"1280\" \/>\n\t<meta property=\"og:image:height\" content=\"720\" \/>\n\t<meta property=\"og:image:type\" content=\"image\/png\" \/>\n<meta name=\"twitter:card\" content=\"summary_large_image\" \/>\n<meta name=\"twitter:label1\" content=\"Est. reading time\" \/>\n\t<meta name=\"twitter:data1\" content=\"1 minute\" \/>\n<script type=\"application\/ld+json\" class=\"yoast-schema-graph\">{\"@context\":\"https:\\\/\\\/schema.org\",\"@graph\":[{\"@type\":\"WebPage\",\"@id\":\"https:\\\/\\\/latina-tech.com\\\/en\\\/webinars\\\/\",\"url\":\"https:\\\/\\\/latina-tech.com\\\/en\\\/webinars\\\/\",\"name\":\"Webinars - LatinA Tech\",\"isPartOf\":{\"@id\":\"https:\\\/\\\/www.latina-tech.com\\\/#website\"},\"primaryImageOfPage\":{\"@id\":\"https:\\\/\\\/latina-tech.com\\\/en\\\/webinars\\\/#primaryimage\"},\"image\":{\"@id\":\"https:\\\/\\\/latina-tech.com\\\/en\\\/webinars\\\/#primaryimage\"},\"thumbnailUrl\":\"https:\\\/\\\/latina-tech.com\\\/wp-content\\\/uploads\\\/2021\\\/07\\\/webinar-tlc-04.png\",\"datePublished\":\"2021-07-01T00:06:00+00:00\",\"dateModified\":\"2021-07-14T01:45:10+00:00\",\"description\":\"Visita nuestra secci\u00f3n de webinars en donde podr\u00e1s encontrar la mejor informaci\u00f3n acerca de nuestros productos y del mercado global.\",\"breadcrumb\":{\"@id\":\"https:\\\/\\\/latina-tech.com\\\/en\\\/webinars\\\/#breadcrumb\"},\"inLanguage\":\"en-US\",\"potentialAction\":[{\"@type\":\"ReadAction\",\"target\":[\"https:\\\/\\\/latina-tech.com\\\/en\\\/webinars\\\/\"]}]},{\"@type\":\"ImageObject\",\"inLanguage\":\"en-US\",\"@id\":\"https:\\\/\\\/latina-tech.com\\\/en\\\/webinars\\\/#primaryimage\",\"url\":\"https:\\\/\\\/latina-tech.com\\\/wp-content\\\/uploads\\\/2021\\\/07\\\/webinar-tlc-04.png\",\"contentUrl\":\"https:\\\/\\\/latina-tech.com\\\/wp-content\\\/uploads\\\/2021\\\/07\\\/webinar-tlc-04.png\",\"width\":1280,\"height\":720},{\"@type\":\"BreadcrumbList\",\"@id\":\"https:\\\/\\\/latina-tech.com\\\/en\\\/webinars\\\/#breadcrumb\",\"itemListElement\":[{\"@type\":\"ListItem\",\"position\":1,\"name\":\"Portada\",\"item\":\"https:\\\/\\\/www.latina-tech.com\\\/\"},{\"@type\":\"ListItem\",\"position\":2,\"name\":\"Webinars\"}]},{\"@type\":\"WebSite\",\"@id\":\"https:\\\/\\\/www.latina-tech.com\\\/#website\",\"url\":\"https:\\\/\\\/www.latina-tech.com\\\/\",\"name\":\"LatinA Tech\",\"description\":\"Empaques para productos agr\u00edcolas\",\"publisher\":{\"@id\":\"https:\\\/\\\/www.latina-tech.com\\\/#organization\"},\"potentialAction\":[{\"@type\":\"SearchAction\",\"target\":{\"@type\":\"EntryPoint\",\"urlTemplate\":\"https:\\\/\\\/www.latina-tech.com\\\/?s={search_term_string}\"},\"query-input\":{\"@type\":\"PropertyValueSpecification\",\"valueRequired\":true,\"valueName\":\"search_term_string\"}}],\"inLanguage\":\"en-US\"},{\"@type\":\"Organization\",\"@id\":\"https:\\\/\\\/www.latina-tech.com\\\/#organization\",\"name\":\"LatinA Tech\",\"url\":\"https:\\\/\\\/www.latina-tech.com\\\/\",\"logo\":{\"@type\":\"ImageObject\",\"inLanguage\":\"en-US\",\"@id\":\"https:\\\/\\\/www.latina-tech.com\\\/#\\\/schema\\\/logo\\\/image\\\/\",\"url\":\"https:\\\/\\\/latina-tech.com\\\/wp-content\\\/uploads\\\/2021\\\/06\\\/latina-tech-white-logo-01.svg\",\"contentUrl\":\"https:\\\/\\\/latina-tech.com\\\/wp-content\\\/uploads\\\/2021\\\/06\\\/latina-tech-white-logo-01.svg\",\"width\":94,\"height\":82,\"caption\":\"LatinA Tech\"},\"image\":{\"@id\":\"https:\\\/\\\/www.latina-tech.com\\\/#\\\/schema\\\/logo\\\/image\\\/\"}}]}<\/script>\n<!-- \/ Yoast SEO plugin. -->","yoast_head_json":{"title":"Webinars - LatinA Tech","description":"Visita nuestra secci\u00f3n de webinars en donde podr\u00e1s encontrar la mejor informaci\u00f3n acerca de nuestros productos y del mercado global.","robots":{"index":"index","follow":"follow","max-snippet":"max-snippet:-1","max-image-preview":"max-image-preview:large","max-video-preview":"max-video-preview:-1"},"canonical":"https:\/\/latina-tech.com\/en\/webinars\/","og_locale":"en_US","og_type":"article","og_title":"Webinars - LatinA Tech","og_description":"Visita nuestra secci\u00f3n de webinars en donde podr\u00e1s encontrar la mejor informaci\u00f3n acerca de nuestros productos y del mercado global.","og_url":"https:\/\/latina-tech.com\/en\/webinars\/","og_site_name":"LatinA Tech","article_modified_time":"2021-07-14T01:45:10+00:00","og_image":[{"width":1280,"height":720,"url":"https:\/\/latina-tech.com\/wp-content\/uploads\/2021\/07\/webinar-tlc-04.png","type":"image\/png"}],"twitter_card":"summary_large_image","twitter_misc":{"Est. reading time":"1 minute"},"schema":{"@context":"https:\/\/schema.org","@graph":[{"@type":"WebPage","@id":"https:\/\/latina-tech.com\/en\/webinars\/","url":"https:\/\/latina-tech.com\/en\/webinars\/","name":"Webinars - LatinA Tech","isPartOf":{"@id":"https:\/\/www.latina-tech.com\/#website"},"primaryImageOfPage":{"@id":"https:\/\/latina-tech.com\/en\/webinars\/#primaryimage"},"image":{"@id":"https:\/\/latina-tech.com\/en\/webinars\/#primaryimage"},"thumbnailUrl":"https:\/\/latina-tech.com\/wp-content\/uploads\/2021\/07\/webinar-tlc-04.png","datePublished":"2021-07-01T00:06:00+00:00","dateModified":"2021-07-14T01:45:10+00:00","description":"Visita nuestra secci\u00f3n de webinars en donde podr\u00e1s encontrar la mejor informaci\u00f3n acerca de nuestros productos y del mercado global.","breadcrumb":{"@id":"https:\/\/latina-tech.com\/en\/webinars\/#breadcrumb"},"inLanguage":"en-US","potentialAction":[{"@type":"ReadAction","target":["https:\/\/latina-tech.com\/en\/webinars\/"]}]},{"@type":"ImageObject","inLanguage":"en-US","@id":"https:\/\/latina-tech.com\/en\/webinars\/#primaryimage","url":"https:\/\/latina-tech.com\/wp-content\/uploads\/2021\/07\/webinar-tlc-04.png","contentUrl":"https:\/\/latina-tech.com\/wp-content\/uploads\/2021\/07\/webinar-tlc-04.png","width":1280,"height":720},{"@type":"BreadcrumbList","@id":"https:\/\/latina-tech.com\/en\/webinars\/#breadcrumb","itemListElement":[{"@type":"ListItem","position":1,"name":"Portada","item":"https:\/\/www.latina-tech.com\/"},{"@type":"ListItem","position":2,"name":"Webinars"}]},{"@type":"WebSite","@id":"https:\/\/www.latina-tech.com\/#website","url":"https:\/\/www.latina-tech.com\/","name":"LatinA Tech","description":"Empaques para productos agr\u00edcolas","publisher":{"@id":"https:\/\/www.latina-tech.com\/#organization"},"potentialAction":[{"@type":"SearchAction","target":{"@type":"EntryPoint","urlTemplate":"https:\/\/www.latina-tech.com\/?s={search_term_string}"},"query-input":{"@type":"PropertyValueSpecification","valueRequired":true,"valueName":"search_term_string"}}],"inLanguage":"en-US"},{"@type":"Organization","@id":"https:\/\/www.latina-tech.com\/#organization","name":"LatinA Tech","url":"https:\/\/www.latina-tech.com\/","logo":{"@type":"ImageObject","inLanguage":"en-US","@id":"https:\/\/www.latina-tech.com\/#\/schema\/logo\/image\/","url":"https:\/\/latina-tech.com\/wp-content\/uploads\/2021\/06\/latina-tech-white-logo-01.svg","contentUrl":"https:\/\/latina-tech.com\/wp-content\/uploads\/2021\/06\/latina-tech-white-logo-01.svg","width":94,"height":82,"caption":"LatinA Tech"},"image":{"@id":"https:\/\/www.latina-tech.com\/#\/schema\/logo\/image\/"}}]}},"_links":{"self":[{"href":"https:\/\/latina-tech.com\/en\/wp-json\/wp\/v2\/pages\/734","targetHints":{"allow":["GET"]}}],"collection":[{"href":"https:\/\/latina-tech.com\/en\/wp-json\/wp\/v2\/pages"}],"about":[{"href":"https:\/\/latina-tech.com\/en\/wp-json\/wp\/v2\/types\/page"}],"author":[{"embeddable":true,"href":"https:\/\/latina-tech.com\/en\/wp-json\/wp\/v2\/users\/1"}],"replies":[{"embeddable":true,"href":"https:\/\/latina-tech.com\/en\/wp-json\/wp\/v2\/comments?post=734"}],"version-history":[{"count":23,"href":"https:\/\/latina-tech.com\/en\/wp-json\/wp\/v2\/pages\/734\/revisions"}],"predecessor-version":[{"id":1779,"href":"https:\/\/latina-tech.com\/en\/wp-json\/wp\/v2\/pages\/734\/revisions\/1779"}],"wp:featuredmedia":[{"embeddable":true,"href":"https:\/\/latina-tech.com\/en\/wp-json\/wp\/v2\/media\/756"}],"wp:attachment":[{"href":"https:\/\/latina-tech.com\/en\/wp-json\/wp\/v2\/media?parent=734"}],"curies":[{"name":"wp","href":"https:\/\/api.w.org\/{rel}","templated":true}]}}